{"id":48,"date":"2020-09-23T06:33:01","date_gmt":"2020-09-23T06:33:01","guid":{"rendered":"https:\/\/www.devsnews.com\/wp\/landco\/?page_id=48"},"modified":"2025-11-25T12:22:19","modified_gmt":"2025-11-25T11:22:19","slug":"contact-us","status":"publish","type":"page","link":"https:\/\/cbr.cliniqueverano.com\/?page_id=48","title":{"rendered":"Contact Us"},"content":{"rendered":"\t\t<div data-elementor-type=\"wp-page\" data-elementor-id=\"48\" class=\"elementor elementor-48\" data-elementor-post-type=\"page\">\n\t\t\t\t<div class=\"elementor-element elementor-element-0f63f38 e-con-full e-flex e-con e-parent\" data-id=\"0f63f38\" data-element_type=\"container\" data-e-type=\"container\" data-settings=\"{&quot;background_background&quot;:&quot;classic&quot;}\">\n\t\t\t\t<\/div>\n\t\t\t\t<section class=\"elementor-section elementor-top-section elementor-element elementor-element-77ff9a2 elementor-section-full_width elementor-section-height-default elementor-section-height-default\" data-id=\"77ff9a2\" data-element_type=\"section\" data-e-type=\"section\">\n\t\t\t\t\t\t<div class=\"elementor-container elementor-column-gap-no\">\n\t\t\t\t\t<div class=\"elementor-column elementor-col-100 elementor-top-column elementor-element elementor-element-299be1e\" data-id=\"299be1e\" data-element_type=\"column\" data-e-type=\"column\">\n\t\t\t<div class=\"elementor-widget-wrap elementor-element-populated\">\n\t\t\t\t\t\t<div class=\"elementor-element elementor-element-7586925 elementor-widget elementor-widget-contact_info bdevs-el contact_info\" data-id=\"7586925\" data-element_type=\"widget\" data-e-type=\"widget\" data-settings=\"{&quot;ekit_we_effect_on&quot;:&quot;none&quot;}\" data-widget_type=\"contact_info.default\">\n\t\t\t\t<div class=\"elementor-widget-container\">\n\t\t\t\t\t        <section class=\"contact-info-area pt-120 pb-80\">\r\n            <div class=\"container\">\r\n                \r\n                <div class=\"row\">\r\n                                            <div class=\"col-xl-4 col-lg-4 col-md-6\">\r\n                            <div class=\"contact-info mb-40 slider__content bdevs_contact-info\">\r\n                                                                    <div class=\"icon bdevs-el-video-icon\">\r\n                                        <i aria-hidden=\"true\" class=\"far fa-envelope-open\"><\/i>                                    <\/div>\r\n                                                                                                    <h3 class=\"bdevs_title\">Adresse mail<\/h3>\r\n                                                                <a href=\"#\">congoboisresponsable@gmail.com<\/a>\n                            <\/div>\r\n                        <\/div>\r\n                                            <div class=\"col-xl-4 col-lg-4 col-md-6\">\r\n                            <div class=\"contact-info mb-40 slider__content bdevs_contact-info\">\r\n                                                                    <div class=\"icon bdevs-el-video-icon\">\r\n                                        <i aria-hidden=\"true\" class=\"fal fa-map-marker-alt\"><\/i>                                    <\/div>\r\n                                                                                                    <h3 class=\"bdevs_title\">Si\u00e8ge<\/h3>\r\n                                                                <a href=\"#\">Brazzaville - R\u00e9publique du CONGO<\/a>                            <\/div>\r\n                        <\/div>\r\n                                            <div class=\"col-xl-4 col-lg-4 col-md-6\">\r\n                            <div class=\"contact-info mb-40 slider__content bdevs_contact-info\">\r\n                                                                    <div class=\"icon bdevs-el-video-icon\">\r\n                                        <i aria-hidden=\"true\" class=\"fal fa-phone\"><\/i>                                    <\/div>\r\n                                                                                                    <h3 class=\"bdevs_title\">Num\u00e9ro de t\u00e9l\u00e9phone<\/h3>\r\n                                                                <a href=\"#\">+242 06 944 83 69<\/a>\n                            <\/div>\r\n                        <\/div>\r\n                                    <\/div>\r\n            <\/div>\r\n        <\/section>\r\n\r\n\t\t\t\t<\/div>\n\t\t\t\t<\/div>\n\t\t\t\t\t<\/div>\n\t\t<\/div>\n\t\t\t\t\t<\/div>\n\t\t<\/section>\n\t\t\t\t<section class=\"elementor-section elementor-top-section elementor-element elementor-element-8db78f2 elementor-section-full_width elementor-section-height-default elementor-section-height-default\" data-id=\"8db78f2\" data-element_type=\"section\" data-e-type=\"section\">\n\t\t\t\t\t\t<div class=\"elementor-container elementor-column-gap-no\">\n\t\t\t\t\t<div class=\"elementor-column elementor-col-100 elementor-top-column elementor-element elementor-element-4c2b74d\" data-id=\"4c2b74d\" data-element_type=\"column\" data-e-type=\"column\">\n\t\t\t<div class=\"elementor-widget-wrap elementor-element-populated\">\n\t\t\t\t\t\t<div class=\"elementor-element elementor-element-3f6b3bf elementor-widget elementor-widget-cf7 bdevs-el cf7\" data-id=\"3f6b3bf\" data-element_type=\"widget\" data-e-type=\"widget\" data-settings=\"{&quot;design_style&quot;:&quot;style_2&quot;,&quot;ekit_we_effect_on&quot;:&quot;none&quot;}\" data-widget_type=\"cf7.default\">\n\t\t\t\t<div class=\"elementor-widget-container\">\n\t\t\t\t\t\r\n                    <section class=\"cta-area grey-bg pos-rel pb-75 position-relative\">\r\n                                    <div class=\"contact-left-img d-none d-lg-block pos-abl\" style=\"background-image: url(https:\/\/cbr.cliniqueverano.com\/wp-content\/uploads\/2025\/11\/gardes-forestiers-a-coup-moyen-avec-tablette-1024x683.jpg);\"><\/div>\r\n                                <div class=\"container-fluid\">\r\n                    <div class=\"row\">\r\n                        <div class=\"col-xl-7 col-lg-7 col-md-12 offset-xl-5 offset-lg-5\">\r\n                                                            <div class=\"section-title text-left pt-80\">\r\n                                                                                                                <h2 class=\"bdevs-heading-title mb-30\">Envoyer un message<\/h2>\r\n                                                                    <\/div>\r\n                                                        <div class=\"form-area form-area-03 pr-105\">\r\n                                \n<div class=\"wpcf7 no-js\" id=\"wpcf7-f13-o1\" lang=\"fr-FR\" dir=\"ltr\" data-wpcf7-id=\"13\">\n<div class=\"screen-reader-response\"><p role=\"status\" aria-live=\"polite\" aria-atomic=\"true\"><\/p> <ul><\/ul><\/div>\n<form action=\"\/index.php?rest_route=%2Fwp%2Fv2%2Fpages%2F48#wpcf7-f13-o1\" method=\"post\" class=\"wpcf7-form init bdevs-cf7-form\" aria-label=\"Formulaire de contact\" novalidate=\"novalidate\" data-status=\"init\">\n<fieldset class=\"hidden-fields-container\"><input type=\"hidden\" name=\"_wpcf7\" value=\"13\" \/><input type=\"hidden\" name=\"_wpcf7_version\" value=\"6.1.3\" \/><input type=\"hidden\" name=\"_wpcf7_locale\" value=\"fr_FR\" \/><input type=\"hidden\" name=\"_wpcf7_unit_tag\" value=\"wpcf7-f13-o1\" \/><input type=\"hidden\" name=\"_wpcf7_container_post\" value=\"0\" \/><input type=\"hidden\" name=\"_wpcf7_posted_data_hash\" value=\"\" \/>\n<\/fieldset>\n<div class=\"row\">\n\t<div class=\"col-md-6 col-12\">\n\t\t<div class=\"contact-name4 pos-rel mb-30\">\n\t\t\t<p><span class=\"wpcf7-form-control-wrap\" data-name=\"your-name\"><input size=\"40\" maxlength=\"400\" class=\"wpcf7-form-control wpcf7-text wpcf7-validates-as-required form-control\" aria-required=\"true\" aria-invalid=\"false\" placeholder=\"Votre Nom(s)\" value=\"\" type=\"text\" name=\"your-name\" \/><\/span><span class=\"icon\"><i class=\"fal fa-user\"><\/i><\/span>\n\t\t\t<\/p>\n\t\t<\/div>\n\t<\/div>\n\t<div class=\"col-md-6 col-12\">\n\t\t<div class=\"contact-mail3 pos-rel mb-30\">\n\t\t\t<p><span class=\"wpcf7-form-control-wrap\" data-name=\"your-email\"><input size=\"40\" maxlength=\"400\" class=\"wpcf7-form-control wpcf7-email wpcf7-validates-as-required wpcf7-text wpcf7-validates-as-email form-control\" aria-required=\"true\" aria-invalid=\"false\" placeholder=\"Votre Email\" value=\"\" type=\"email\" name=\"your-email\" \/><\/span><span class=\"icon\"><i class=\"fal fa-envelope-open\"><\/i><\/span>\n\t\t\t<\/p>\n\t\t<\/div>\n\t<\/div>\n\t<div class=\"col-md-12 col-12\">\n\t\t<div class=\"contact-subject4 pos-rel mb-30\">\n\t\t\t<p><span class=\"wpcf7-form-control-wrap\" data-name=\"your-subject\"><input size=\"40\" maxlength=\"400\" class=\"wpcf7-form-control wpcf7-text wpcf7-validates-as-required form-control\" aria-required=\"true\" aria-invalid=\"false\" placeholder=\"Sujet\" value=\"\" type=\"text\" name=\"your-subject\" \/><\/span><span class=\"pos-abl icon\"><i class=\"far fa-chevron-down\"><\/i><\/span>\n\t\t\t<\/p>\n\t\t<\/div>\n\t<\/div>\n\t<div class=\"col-12\">\n\t\t<div class=\"contact-message4 pos-rel mb-30\">\n\t\t\t<p><span class=\"wpcf7-form-control-wrap\" data-name=\"your-message\"><textarea cols=\"40\" rows=\"10\" maxlength=\"2000\" class=\"wpcf7-form-control wpcf7-textarea wpcf7-validates-as-required\" aria-required=\"true\" aria-invalid=\"false\" placeholder=\"Message\" name=\"your-message\"><\/textarea><\/span><span class=\"icon\"><i class=\"fal fa-pencil\"><\/i><\/span>\n\t\t\t<\/p>\n\t\t<\/div>\n\t<\/div>\n\t<div class=\"col-12\">\n\t\t<p><input class=\"wpcf7-form-control wpcf7-submit has-spinner theme_btn\" type=\"submit\" value=\"Envoyer\" \/>\n\t\t<\/p>\n\t<\/div>\n<\/div><div class=\"wpcf7-response-output\" aria-hidden=\"true\"><\/div>\n<\/form>\n<\/div>\n                            <\/div>\r\n                        <\/div>\r\n                    <\/div>\r\n                <\/div>\r\n            <\/section>\r\n        \r\n\t\t\t\t<\/div>\n\t\t\t\t<\/div>\n\t\t\t\t\t<\/div>\n\t\t<\/div>\n\t\t\t\t\t<\/div>\n\t\t<\/section>\n\t\t\t\t<\/div>\n\t\t","protected":false},"excerpt":{"rendered":"<p>Adresse mail congoboisresponsable@gmail.com Si\u00e8ge Brazzaville &#8211; R\u00e9publique du CONGO Num\u00e9ro de t\u00e9l\u00e9phone +242 06 944 83 69 Envoyer un message<\/p>\n","protected":false},"author":1,"featured_media":0,"parent":0,"menu_order":0,"comment_status":"closed","ping_status":"closed","template":"elementor_header_footer","meta":{"_acf_changed":false,"footnotes":""},"class_list":["post-48","page","type-page","status-publish","hentry"],"acf":[],"yoast_head":"<!-- This site is optimized with the Yoast SEO plugin v27.3 - https:\/\/yoast.com\/product\/yoast-seo-wordpress\/ -->\n<title>Contact Us - Mon site<\/title>\n<meta name=\"robots\" content=\"index, follow, max-snippet:-1, max-image-preview:large, max-video-preview:-1\" \/>\n<link rel=\"canonical\" href=\"https:\/\/cbr.cliniqueverano.com\/?page_id=48\" \/>\n<meta property=\"og:locale\" content=\"fr_FR\" \/>\n<meta property=\"og:type\" content=\"article\" \/>\n<meta property=\"og:title\" content=\"Contact Us - Mon site\" \/>\n<meta property=\"og:description\" content=\"Adresse mail congoboisresponsable@gmail.com Si\u00e8ge Brazzaville &#8211; R\u00e9publique du CONGO Num\u00e9ro de t\u00e9l\u00e9phone +242 06 944 83 69 Envoyer un message\" \/>\n<meta property=\"og:url\" content=\"https:\/\/cbr.cliniqueverano.com\/?page_id=48\" \/>\n<meta property=\"og:site_name\" content=\"Mon site\" \/>\n<meta property=\"article:modified_time\" content=\"2025-11-25T11:22:19+00:00\" \/>\n<meta name=\"twitter:card\" content=\"summary_large_image\" \/>\n<meta name=\"twitter:label1\" content=\"Dur\u00e9e de lecture estim\u00e9e\" \/>\n\t<meta name=\"twitter:data1\" content=\"1 minute\" \/>\n<script type=\"application\/ld+json\" class=\"yoast-schema-graph\">{\"@context\":\"https:\\\/\\\/schema.org\",\"@graph\":[{\"@type\":\"WebPage\",\"@id\":\"https:\\\/\\\/cbr.cliniqueverano.com\\\/?page_id=48\",\"url\":\"https:\\\/\\\/cbr.cliniqueverano.com\\\/?page_id=48\",\"name\":\"Contact Us - Mon site\",\"isPartOf\":{\"@id\":\"https:\\\/\\\/cbr.cliniqueverano.com\\\/#website\"},\"datePublished\":\"2020-09-23T06:33:01+00:00\",\"dateModified\":\"2025-11-25T11:22:19+00:00\",\"breadcrumb\":{\"@id\":\"https:\\\/\\\/cbr.cliniqueverano.com\\\/?page_id=48#breadcrumb\"},\"inLanguage\":\"fr-FR\",\"potentialAction\":[{\"@type\":\"ReadAction\",\"target\":[\"https:\\\/\\\/cbr.cliniqueverano.com\\\/?page_id=48\"]}]},{\"@type\":\"BreadcrumbList\",\"@id\":\"https:\\\/\\\/cbr.cliniqueverano.com\\\/?page_id=48#breadcrumb\",\"itemListElement\":[{\"@type\":\"ListItem\",\"position\":1,\"name\":\"Home\",\"item\":\"https:\\\/\\\/cbr.cliniqueverano.com\\\/\"},{\"@type\":\"ListItem\",\"position\":2,\"name\":\"Contact Us\"}]},{\"@type\":\"WebSite\",\"@id\":\"https:\\\/\\\/cbr.cliniqueverano.com\\\/#website\",\"url\":\"https:\\\/\\\/cbr.cliniqueverano.com\\\/\",\"name\":\"Mon site\",\"description\":\"congo bois responsable\",\"potentialAction\":[{\"@type\":\"SearchAction\",\"target\":{\"@type\":\"EntryPoint\",\"urlTemplate\":\"https:\\\/\\\/cbr.cliniqueverano.com\\\/?s={search_term_string}\"},\"query-input\":{\"@type\":\"PropertyValueSpecification\",\"valueRequired\":true,\"valueName\":\"search_term_string\"}}],\"inLanguage\":\"fr-FR\"}]}<\/script>\n<!-- \/ Yoast SEO plugin. -->","yoast_head_json":{"title":"Contact Us - Mon site","robots":{"index":"index","follow":"follow","max-snippet":"max-snippet:-1","max-image-preview":"max-image-preview:large","max-video-preview":"max-video-preview:-1"},"canonical":"https:\/\/cbr.cliniqueverano.com\/?page_id=48","og_locale":"fr_FR","og_type":"article","og_title":"Contact Us - Mon site","og_description":"Adresse mail congoboisresponsable@gmail.com Si\u00e8ge Brazzaville &#8211; R\u00e9publique du CONGO Num\u00e9ro de t\u00e9l\u00e9phone +242 06 944 83 69 Envoyer un message","og_url":"https:\/\/cbr.cliniqueverano.com\/?page_id=48","og_site_name":"Mon site","article_modified_time":"2025-11-25T11:22:19+00:00","twitter_card":"summary_large_image","twitter_misc":{"Dur\u00e9e de lecture estim\u00e9e":"1 minute"},"schema":{"@context":"https:\/\/schema.org","@graph":[{"@type":"WebPage","@id":"https:\/\/cbr.cliniqueverano.com\/?page_id=48","url":"https:\/\/cbr.cliniqueverano.com\/?page_id=48","name":"Contact Us - Mon site","isPartOf":{"@id":"https:\/\/cbr.cliniqueverano.com\/#website"},"datePublished":"2020-09-23T06:33:01+00:00","dateModified":"2025-11-25T11:22:19+00:00","breadcrumb":{"@id":"https:\/\/cbr.cliniqueverano.com\/?page_id=48#breadcrumb"},"inLanguage":"fr-FR","potentialAction":[{"@type":"ReadAction","target":["https:\/\/cbr.cliniqueverano.com\/?page_id=48"]}]},{"@type":"BreadcrumbList","@id":"https:\/\/cbr.cliniqueverano.com\/?page_id=48#breadcrumb","itemListElement":[{"@type":"ListItem","position":1,"name":"Home","item":"https:\/\/cbr.cliniqueverano.com\/"},{"@type":"ListItem","position":2,"name":"Contact Us"}]},{"@type":"WebSite","@id":"https:\/\/cbr.cliniqueverano.com\/#website","url":"https:\/\/cbr.cliniqueverano.com\/","name":"Mon site","description":"congo bois responsable","potentialAction":[{"@type":"SearchAction","target":{"@type":"EntryPoint","urlTemplate":"https:\/\/cbr.cliniqueverano.com\/?s={search_term_string}"},"query-input":{"@type":"PropertyValueSpecification","valueRequired":true,"valueName":"search_term_string"}}],"inLanguage":"fr-FR"}]}},"_links":{"self":[{"href":"https:\/\/cbr.cliniqueverano.com\/index.php?rest_route=\/wp\/v2\/pages\/48","targetHints":{"allow":["GET"]}}],"collection":[{"href":"https:\/\/cbr.cliniqueverano.com\/index.php?rest_route=\/wp\/v2\/pages"}],"about":[{"href":"https:\/\/cbr.cliniqueverano.com\/index.php?rest_route=\/wp\/v2\/types\/page"}],"author":[{"embeddable":true,"href":"https:\/\/cbr.cliniqueverano.com\/index.php?rest_route=\/wp\/v2\/users\/1"}],"replies":[{"embeddable":true,"href":"https:\/\/cbr.cliniqueverano.com\/index.php?rest_route=%2Fwp%2Fv2%2Fcomments&post=48"}],"version-history":[{"count":21,"href":"https:\/\/cbr.cliniqueverano.com\/index.php?rest_route=\/wp\/v2\/pages\/48\/revisions"}],"predecessor-version":[{"id":1963,"href":"https:\/\/cbr.cliniqueverano.com\/index.php?rest_route=\/wp\/v2\/pages\/48\/revisions\/1963"}],"wp:attachment":[{"href":"https:\/\/cbr.cliniqueverano.com\/index.php?rest_route=%2Fwp%2Fv2%2Fmedia&parent=48"}],"curies":[{"name":"wp","href":"https:\/\/api.w.org\/{rel}","templated":true}]}}