{"id":1588,"date":"2020-09-23T06:23:50","date_gmt":"2020-09-23T06:23:50","guid":{"rendered":"https:\/\/www.devsnews.com\/wp\/landco\/?page_id=16"},"modified":"2026-04-07T11:38:34","modified_gmt":"2026-04-07T09:38:34","slug":"services-1","status":"publish","type":"page","link":"https:\/\/cbr.cliniqueverano.com\/?page_id=1588","title":{"rendered":"Services 1"},"content":{"rendered":"\t\t<div data-elementor-type=\"wp-page\" data-elementor-id=\"1588\" class=\"elementor elementor-1588\" data-elementor-post-type=\"page\">\n\t\t\t\t<div class=\"elementor-element elementor-element-8b6ce24 e-con-full e-flex e-con e-parent\" data-id=\"8b6ce24\" data-element_type=\"container\" data-e-type=\"container\" data-settings=\"{&quot;background_background&quot;:&quot;classic&quot;}\">\n\t\t\t\t<div class=\"elementor-element elementor-element-f4f1aed elementor-widget elementor-widget-heading bdevs-el heading\" data-id=\"f4f1aed\" data-element_type=\"widget\" data-e-type=\"widget\" data-settings=\"{&quot;design_style&quot;:&quot;style_1&quot;,&quot;ekit_we_effect_on&quot;:&quot;none&quot;}\" data-widget_type=\"heading.default\">\n\t\t\t\t<div class=\"elementor-widget-container\">\n\t\t\t\t\t        \r\n            \r\n                <div class=\"section-title bdevs-heading-wrapper mb-30\">\r\n                                        <h2 class=\"bdevs-heading-title mb-30\">Nos services<span>.<\/span><\/h2>                                    <\/div>\r\n            \r\n        \r\n\t\t\t\t<\/div>\n\t\t\t\t<\/div>\n\t\t\t\t<\/div>\n\t\t<div class=\"elementor-element elementor-element-24bf959 e-flex e-con-boxed e-con e-parent\" data-id=\"24bf959\" data-element_type=\"container\" data-e-type=\"container\">\n\t\t\t\t\t<div class=\"e-con-inner\">\n\t\t\t\t<div class=\"elementor-element elementor-element-7ecfab0 elementor-widget elementor-widget-service bdevs-el service\" data-id=\"7ecfab0\" data-element_type=\"widget\" data-e-type=\"widget\" data-settings=\"{&quot;design_style&quot;:&quot;style_1&quot;,&quot;ekit_we_effect_on&quot;:&quot;none&quot;}\" data-widget_type=\"service.default\">\n\t\t\t\t<div class=\"elementor-widget-container\">\n\t\t\t\t\t\r\n        \r\n            <section class=\"popular-service pos-rel \">\r\n                                                <div class=\"container\">\r\n                                        <div class=\"row\">\r\n                                                    <div class=\"col-xl-4 col-lg-4 col-md-6\">\r\n                                <div class=\"popular bdevs-el-box mb-30\">\r\n                                    <div class=\"popular__img pos-rel mb-70\">\r\n                                        <div class=\"popoular__img__inner\">\r\n                                            <img  alt=\"image\" class=\"lws-optimize-lazyload\" data-src=\"https:\/\/cbr.cliniqueverano.com\/wp-content\/uploads\/2025\/11\/vue-laterale-homme-a-l-aide-de-jumelles-scaled.jpg\">\r\n                                        <\/div>\r\n                                                                                    <div class=\"popular__img--icon bdevs-section-icon\">\r\n                                                <i aria-hidden=\"true\" class=\"icon icon-license\"><\/i>                                            <\/div>\r\n                                                                            <\/div>\r\n                                    <div class=\"popular__content pl-20 pr-20 text-center\">\r\n                                                                                    <h5 class=\"bdevs-list-title\">Audit et certification foresti\u00e8re<\/h5>\r\n                                                                                                                            <p class=\"bdevs-list-content\">- Audits selon les grilles FLEGT, RBUE\/RDUE, FSC, ISO 19011.<\/br>\n- \u00c9valuation de la conformit\u00e9 l\u00e9gale et environnementale.\n<\/p>\r\n                                                                            <\/div>\r\n                                                                            <a class=\"bdevs-btn bdevs-button\" href=\"#\"><\/a>\r\n                                                                        <\/div>\r\n                            <\/div>\r\n                                                    <div class=\"col-xl-4 col-lg-4 col-md-6\">\r\n                                <div class=\"popular bdevs-el-box mb-30\">\r\n                                    <div class=\"popular__img pos-rel mb-70\">\r\n                                        <div class=\"popoular__img__inner\">\r\n                                            <img  alt=\"image\" class=\"lws-optimize-lazyload\" data-src=\"https:\/\/cbr.cliniqueverano.com\/wp-content\/uploads\/2025\/11\/vue-laterale-des-gardes-forestiers-portant-des-gilets-scaled.jpg\">\r\n                                        <\/div>\r\n                                                                                    <div class=\"popular__img--icon bdevs-section-icon\">\r\n                                                <i aria-hidden=\"true\" class=\" flaticon-shovel\"><\/i>                                            <\/div>\r\n                                                                            <\/div>\r\n                                    <div class=\"popular__content pl-20 pr-20 text-center\">\r\n                                                                                    <h5 class=\"bdevs-list-title\">\u00c9tudes techniques et environnementales<\/h5>\r\n                                                                                                                            <p class=\"bdevs-list-content\">- \u00c9laboration et suivi des plans d\u2019am\u00e9nagement forestier.<\/br>\n- Formation et appui aux directions d\u00e9partementales des for\u00eats.\n<\/p>\r\n                                                                            <\/div>\r\n                                                                            <a class=\"bdevs-btn bdevs-button\" href=\"#\"><\/a>\r\n                                                                        <\/div>\r\n                            <\/div>\r\n                                                    <div class=\"col-xl-4 col-lg-4 col-md-6\">\r\n                                <div class=\"popular bdevs-el-box mb-30\">\r\n                                    <div class=\"popular__img pos-rel mb-70\">\r\n                                        <div class=\"popoular__img__inner\">\r\n                                            <img  alt=\"image\" class=\"lws-optimize-lazyload\" data-src=\"https:\/\/cbr.cliniqueverano.com\/wp-content\/uploads\/2025\/11\/garde-forestier-vue-de-cote-regardant-l-arbre-scaled.jpg\">\r\n                                        <\/div>\r\n                                                                                    <div class=\"popular__img--icon bdevs-section-icon\">\r\n                                                <i aria-hidden=\"true\" class=\" flaticon-farming-and-gardening\"><\/i>                                            <\/div>\r\n                                                                            <\/div>\r\n                                    <div class=\"popular__content pl-20 pr-20 text-center\">\r\n                                                                                    <h5 class=\"bdevs-list-title\">Am\u00e9nagement et gestion durable des for\u00eats<\/h5>\r\n                                                                                                                            <p class=\"bdevs-list-content\">- \u00c9tudes d\u2019impact environnemental et social (EIES).<\/br>\n- Cartographie SIG, suivi \u00e9cologique, inventaires forestiers.\n<\/p>\r\n                                                                            <\/div>\r\n                                                                            <a class=\"bdevs-btn bdevs-button\" href=\"#\"><\/a>\r\n                                                                        <\/div>\r\n                            <\/div>\r\n                                            <\/div>\r\n                <\/div>\r\n            <\/section>\r\n        \t\t\t\t<\/div>\n\t\t\t\t<\/div>\n\t\t\t\t\t<\/div>\n\t\t\t\t<\/div>\n\t\t<div class=\"elementor-element elementor-element-e1a0f91 e-flex e-con-boxed e-con e-parent\" data-id=\"e1a0f91\" data-element_type=\"container\" data-e-type=\"container\">\n\t\t\t\t\t<div class=\"e-con-inner\">\n\t\t\t\t<div class=\"elementor-element elementor-element-a6652ad elementor-widget elementor-widget-service bdevs-el service\" data-id=\"a6652ad\" data-element_type=\"widget\" data-e-type=\"widget\" data-settings=\"{&quot;design_style&quot;:&quot;style_1&quot;,&quot;ekit_we_effect_on&quot;:&quot;none&quot;}\" data-widget_type=\"service.default\">\n\t\t\t\t<div class=\"elementor-widget-container\">\n\t\t\t\t\t\r\n        \r\n            <section class=\"popular-service pos-rel \">\r\n                                                <div class=\"container\">\r\n                                        <div class=\"row\">\r\n                                                    <div class=\"col-xl-4 col-lg-4 col-md-6\">\r\n                                <div class=\"popular bdevs-el-box mb-30\">\r\n                                    <div class=\"popular__img pos-rel mb-70\">\r\n                                        <div class=\"popoular__img__inner\">\r\n                                            <img  alt=\"image\" class=\"lws-optimize-lazyload\" data-src=\"https:\/\/cbr.cliniqueverano.com\/wp-content\/uploads\/2025\/11\/des-mains-de-differentes-couleurs-de-peau-et-d-ethnies-se-reunissant-en-signe-de-diversite-scaled.jpg\">\r\n                                        <\/div>\r\n                                                                                    <div class=\"popular__img--icon bdevs-section-icon\">\r\n                                                <i aria-hidden=\"true\" class=\"fas fa-hand-holding-heart\"><\/i>                                            <\/div>\r\n                                                                            <\/div>\r\n                                    <div class=\"popular__content pl-20 pr-20 text-center\">\r\n                                                                                    <h5 class=\"bdevs-list-title\">Appui institutionnel et formation<\/h5>\r\n                                                                                                                    <\/div>\r\n                                                                            <a class=\"bdevs-btn bdevs-button\" href=\"#\"><\/a>\r\n                                                                        <\/div>\r\n                            <\/div>\r\n                                                    <div class=\"col-xl-4 col-lg-4 col-md-6\">\r\n                                <div class=\"popular bdevs-el-box mb-30\">\r\n                                    <div class=\"popular__img pos-rel mb-70\">\r\n                                        <div class=\"popoular__img__inner\">\r\n                                            <img  alt=\"image\" class=\"lws-optimize-lazyload\" data-src=\"https:\/\/cbr.cliniqueverano.com\/wp-content\/uploads\/2025\/11\/perspective-photorealiste-des-buches-scaled.jpg\">\r\n                                        <\/div>\r\n                                                                                    <div class=\"popular__img--icon bdevs-section-icon\">\r\n                                                <i aria-hidden=\"true\" class=\"fas fa-handshake\"><\/i>                                            <\/div>\r\n                                                                            <\/div>\r\n                                    <div class=\"popular__content pl-20 pr-20 text-center\">\r\n                                                                                    <h5 class=\"bdevs-list-title\">Conseil strat\u00e9gique et cha\u00eene de valeur bois<\/h5>\r\n                                                                                                                    <\/div>\r\n                                                                            <a class=\"bdevs-btn bdevs-button\" href=\"#\"><\/a>\r\n                                                                        <\/div>\r\n                            <\/div>\r\n                                            <\/div>\r\n                <\/div>\r\n            <\/section>\r\n        \t\t\t\t<\/div>\n\t\t\t\t<\/div>\n\t\t\t\t\t<\/div>\n\t\t\t\t<\/div>\n\t\t<div class=\"elementor-element elementor-element-e0b20e5 e-con-full e-flex e-con e-parent\" data-id=\"e0b20e5\" data-element_type=\"container\" data-e-type=\"container\" data-settings=\"{&quot;background_background&quot;:&quot;classic&quot;}\">\n\t\t\t\t<div class=\"elementor-element elementor-element-4a1477d animated-slow elementor-invisible elementor-widget elementor-widget-heading bdevs-el heading\" data-id=\"4a1477d\" data-element_type=\"widget\" data-e-type=\"widget\" data-settings=\"{&quot;_animation&quot;:&quot;fadeInLeft&quot;,&quot;design_style&quot;:&quot;style_1&quot;,&quot;ekit_we_effect_on&quot;:&quot;none&quot;}\" data-widget_type=\"heading.default\">\n\t\t\t\t<div class=\"elementor-widget-container\">\n\t\t\t\t\t        \r\n            \r\n                <div class=\"section-title bdevs-heading-wrapper mb-30\">\r\n                                        <h2 class=\"bdevs-heading-title mb-30\">Pr\u00e9server le Bassin du Congo, pilier vert de la plan\u00e8te<span>.<\/span><\/h2>                                            <p class=\"bdevs-heading-content\">\u00c0 travers des outils modernes et des partenariats solides, CBR accompagne les entreprises, les institutions et les communaut\u00e9s vers une gestion durable et responsable des ressources foresti\u00e8res du Congo et d\u2019Afrique centrale.<\/p>\r\n                                    <\/div>\r\n            \r\n        \r\n\t\t\t\t<\/div>\n\t\t\t\t<\/div>\n\t\t\t\t<div class=\"elementor-element elementor-element-742599f elementor-align-center elementor-invisible elementor-widget elementor-widget-button\" data-id=\"742599f\" data-element_type=\"widget\" data-e-type=\"widget\" data-settings=\"{&quot;_animation&quot;:&quot;fadeInUp&quot;,&quot;ekit_we_effect_on&quot;:&quot;none&quot;}\" data-widget_type=\"button.default\">\n\t\t\t\t\t\t\t\t\t\t<a class=\"elementor-button elementor-button-link elementor-size-sm\" href=\"#\">\n\t\t\t\t\t\t<span class=\"elementor-button-content-wrapper\">\n\t\t\t\t\t\t\t\t\t<span class=\"elementor-button-text\">Agir avec nous pour la durabilit\u00e9<\/span>\n\t\t\t\t\t<\/span>\n\t\t\t\t\t<\/a>\n\t\t\t\t\t\t\t\t<\/div>\n\t\t\t\t<\/div>\n\t\t<div class=\"elementor-element elementor-element-51167d7 e-flex e-con-boxed e-con e-parent\" data-id=\"51167d7\" data-element_type=\"container\" data-e-type=\"container\">\n\t\t\t\t\t<div class=\"e-con-inner\">\n\t\t\t\t\t<\/div>\n\t\t\t\t<\/div>\n\t\t\t\t<\/div>\n\t\t","protected":false},"excerpt":{"rendered":"<p>Nos services. Audit et certification foresti\u00e8re &#8211; Audits selon les grilles FLEGT, RBUE\/RDUE, FSC, ISO 19011. &#8211; \u00c9valuation de la conformit\u00e9 l\u00e9gale et environnementale. \u00c9tudes techniques et environnementales &#8211; \u00c9laboration et suivi des plans d\u2019am\u00e9nagement forestier. &#8211; Formation et appui aux directions d\u00e9partementales des for\u00eats. Am\u00e9nagement et gestion durable des for\u00eats &#8211; \u00c9tudes d\u2019impact environnemental [&hellip;]<\/p>\n","protected":false},"author":1,"featured_media":0,"parent":0,"menu_order":0,"comment_status":"closed","ping_status":"closed","template":"elementor_header_footer","meta":{"_acf_changed":false,"footnotes":""},"class_list":["post-1588","page","type-page","status-publish","hentry"],"acf":[],"yoast_head":"<!-- This site is optimized with the Yoast SEO plugin v27.3 - https:\/\/yoast.com\/product\/yoast-seo-wordpress\/ -->\n<title>Services 1 - Mon site<\/title>\n<meta name=\"robots\" content=\"index, follow, max-snippet:-1, max-image-preview:large, max-video-preview:-1\" \/>\n<link rel=\"canonical\" href=\"https:\/\/cbr.cliniqueverano.com\/?page_id=1588\" \/>\n<meta property=\"og:locale\" content=\"fr_FR\" \/>\n<meta property=\"og:type\" content=\"article\" \/>\n<meta property=\"og:title\" content=\"Services 1 - Mon site\" \/>\n<meta property=\"og:description\" content=\"Nos services. Audit et certification foresti\u00e8re &#8211; Audits selon les grilles FLEGT, RBUE\/RDUE, FSC, ISO 19011. &#8211; \u00c9valuation de la conformit\u00e9 l\u00e9gale et environnementale. \u00c9tudes techniques et environnementales &#8211; \u00c9laboration et suivi des plans d\u2019am\u00e9nagement forestier. &#8211; Formation et appui aux directions d\u00e9partementales des for\u00eats. Am\u00e9nagement et gestion durable des for\u00eats &#8211; \u00c9tudes d\u2019impact environnemental [&hellip;]\" \/>\n<meta property=\"og:url\" content=\"https:\/\/cbr.cliniqueverano.com\/?page_id=1588\" \/>\n<meta property=\"og:site_name\" content=\"Mon site\" \/>\n<meta property=\"article:modified_time\" content=\"2026-04-07T09:38:34+00:00\" \/>\n<meta property=\"og:image\" content=\"https:\/\/cbr.cliniqueverano.com\/wp-content\/uploads\/2025\/11\/vue-laterale-homme-a-l-aide-de-jumelles-scaled.jpg\" \/>\n<meta name=\"twitter:card\" content=\"summary_large_image\" \/>\n<meta name=\"twitter:label1\" content=\"Dur\u00e9e de lecture estim\u00e9e\" \/>\n\t<meta name=\"twitter:data1\" content=\"2 minutes\" \/>\n<script type=\"application\/ld+json\" class=\"yoast-schema-graph\">{\"@context\":\"https:\\\/\\\/schema.org\",\"@graph\":[{\"@type\":\"WebPage\",\"@id\":\"https:\\\/\\\/cbr.cliniqueverano.com\\\/?page_id=1588\",\"url\":\"https:\\\/\\\/cbr.cliniqueverano.com\\\/?page_id=1588\",\"name\":\"Services 1 - Mon site\",\"isPartOf\":{\"@id\":\"https:\\\/\\\/cbr.cliniqueverano.com\\\/#website\"},\"primaryImageOfPage\":{\"@id\":\"https:\\\/\\\/cbr.cliniqueverano.com\\\/?page_id=1588#primaryimage\"},\"image\":{\"@id\":\"https:\\\/\\\/cbr.cliniqueverano.com\\\/?page_id=1588#primaryimage\"},\"thumbnailUrl\":\"https:\\\/\\\/cbr.cliniqueverano.com\\\/wp-content\\\/uploads\\\/2025\\\/11\\\/vue-laterale-homme-a-l-aide-de-jumelles-scaled.jpg\",\"datePublished\":\"2020-09-23T06:23:50+00:00\",\"dateModified\":\"2026-04-07T09:38:34+00:00\",\"breadcrumb\":{\"@id\":\"https:\\\/\\\/cbr.cliniqueverano.com\\\/?page_id=1588#breadcrumb\"},\"inLanguage\":\"fr-FR\",\"potentialAction\":[{\"@type\":\"ReadAction\",\"target\":[\"https:\\\/\\\/cbr.cliniqueverano.com\\\/?page_id=1588\"]}]},{\"@type\":\"ImageObject\",\"inLanguage\":\"fr-FR\",\"@id\":\"https:\\\/\\\/cbr.cliniqueverano.com\\\/?page_id=1588#primaryimage\",\"url\":\"https:\\\/\\\/cbr.cliniqueverano.com\\\/wp-content\\\/uploads\\\/2025\\\/11\\\/vue-laterale-homme-a-l-aide-de-jumelles-scaled.jpg\",\"contentUrl\":\"https:\\\/\\\/cbr.cliniqueverano.com\\\/wp-content\\\/uploads\\\/2025\\\/11\\\/vue-laterale-homme-a-l-aide-de-jumelles-scaled.jpg\",\"width\":2560,\"height\":1707},{\"@type\":\"BreadcrumbList\",\"@id\":\"https:\\\/\\\/cbr.cliniqueverano.com\\\/?page_id=1588#breadcrumb\",\"itemListElement\":[{\"@type\":\"ListItem\",\"position\":1,\"name\":\"Home\",\"item\":\"https:\\\/\\\/cbr.cliniqueverano.com\\\/\"},{\"@type\":\"ListItem\",\"position\":2,\"name\":\"Services 1\"}]},{\"@type\":\"WebSite\",\"@id\":\"https:\\\/\\\/cbr.cliniqueverano.com\\\/#website\",\"url\":\"https:\\\/\\\/cbr.cliniqueverano.com\\\/\",\"name\":\"Mon site\",\"description\":\"congo bois responsable\",\"potentialAction\":[{\"@type\":\"SearchAction\",\"target\":{\"@type\":\"EntryPoint\",\"urlTemplate\":\"https:\\\/\\\/cbr.cliniqueverano.com\\\/?s={search_term_string}\"},\"query-input\":{\"@type\":\"PropertyValueSpecification\",\"valueRequired\":true,\"valueName\":\"search_term_string\"}}],\"inLanguage\":\"fr-FR\"}]}<\/script>\n<!-- \/ Yoast SEO plugin. -->","yoast_head_json":{"title":"Services 1 - Mon site","robots":{"index":"index","follow":"follow","max-snippet":"max-snippet:-1","max-image-preview":"max-image-preview:large","max-video-preview":"max-video-preview:-1"},"canonical":"https:\/\/cbr.cliniqueverano.com\/?page_id=1588","og_locale":"fr_FR","og_type":"article","og_title":"Services 1 - Mon site","og_description":"Nos services. Audit et certification foresti\u00e8re &#8211; Audits selon les grilles FLEGT, RBUE\/RDUE, FSC, ISO 19011. &#8211; \u00c9valuation de la conformit\u00e9 l\u00e9gale et environnementale. \u00c9tudes techniques et environnementales &#8211; \u00c9laboration et suivi des plans d\u2019am\u00e9nagement forestier. &#8211; Formation et appui aux directions d\u00e9partementales des for\u00eats. Am\u00e9nagement et gestion durable des for\u00eats &#8211; \u00c9tudes d\u2019impact environnemental [&hellip;]","og_url":"https:\/\/cbr.cliniqueverano.com\/?page_id=1588","og_site_name":"Mon site","article_modified_time":"2026-04-07T09:38:34+00:00","og_image":[{"url":"https:\/\/cbr.cliniqueverano.com\/wp-content\/uploads\/2025\/11\/vue-laterale-homme-a-l-aide-de-jumelles-scaled.jpg","type":"","width":"","height":""}],"twitter_card":"summary_large_image","twitter_misc":{"Dur\u00e9e de lecture estim\u00e9e":"2 minutes"},"schema":{"@context":"https:\/\/schema.org","@graph":[{"@type":"WebPage","@id":"https:\/\/cbr.cliniqueverano.com\/?page_id=1588","url":"https:\/\/cbr.cliniqueverano.com\/?page_id=1588","name":"Services 1 - Mon site","isPartOf":{"@id":"https:\/\/cbr.cliniqueverano.com\/#website"},"primaryImageOfPage":{"@id":"https:\/\/cbr.cliniqueverano.com\/?page_id=1588#primaryimage"},"image":{"@id":"https:\/\/cbr.cliniqueverano.com\/?page_id=1588#primaryimage"},"thumbnailUrl":"https:\/\/cbr.cliniqueverano.com\/wp-content\/uploads\/2025\/11\/vue-laterale-homme-a-l-aide-de-jumelles-scaled.jpg","datePublished":"2020-09-23T06:23:50+00:00","dateModified":"2026-04-07T09:38:34+00:00","breadcrumb":{"@id":"https:\/\/cbr.cliniqueverano.com\/?page_id=1588#breadcrumb"},"inLanguage":"fr-FR","potentialAction":[{"@type":"ReadAction","target":["https:\/\/cbr.cliniqueverano.com\/?page_id=1588"]}]},{"@type":"ImageObject","inLanguage":"fr-FR","@id":"https:\/\/cbr.cliniqueverano.com\/?page_id=1588#primaryimage","url":"https:\/\/cbr.cliniqueverano.com\/wp-content\/uploads\/2025\/11\/vue-laterale-homme-a-l-aide-de-jumelles-scaled.jpg","contentUrl":"https:\/\/cbr.cliniqueverano.com\/wp-content\/uploads\/2025\/11\/vue-laterale-homme-a-l-aide-de-jumelles-scaled.jpg","width":2560,"height":1707},{"@type":"BreadcrumbList","@id":"https:\/\/cbr.cliniqueverano.com\/?page_id=1588#breadcrumb","itemListElement":[{"@type":"ListItem","position":1,"name":"Home","item":"https:\/\/cbr.cliniqueverano.com\/"},{"@type":"ListItem","position":2,"name":"Services 1"}]},{"@type":"WebSite","@id":"https:\/\/cbr.cliniqueverano.com\/#website","url":"https:\/\/cbr.cliniqueverano.com\/","name":"Mon site","description":"congo bois responsable","potentialAction":[{"@type":"SearchAction","target":{"@type":"EntryPoint","urlTemplate":"https:\/\/cbr.cliniqueverano.com\/?s={search_term_string}"},"query-input":{"@type":"PropertyValueSpecification","valueRequired":true,"valueName":"search_term_string"}}],"inLanguage":"fr-FR"}]}},"_links":{"self":[{"href":"https:\/\/cbr.cliniqueverano.com\/index.php?rest_route=\/wp\/v2\/pages\/1588","targetHints":{"allow":["GET"]}}],"collection":[{"href":"https:\/\/cbr.cliniqueverano.com\/index.php?rest_route=\/wp\/v2\/pages"}],"about":[{"href":"https:\/\/cbr.cliniqueverano.com\/index.php?rest_route=\/wp\/v2\/types\/page"}],"author":[{"embeddable":true,"href":"https:\/\/cbr.cliniqueverano.com\/index.php?rest_route=\/wp\/v2\/users\/1"}],"replies":[{"embeddable":true,"href":"https:\/\/cbr.cliniqueverano.com\/index.php?rest_route=%2Fwp%2Fv2%2Fcomments&post=1588"}],"version-history":[{"count":37,"href":"https:\/\/cbr.cliniqueverano.com\/index.php?rest_route=\/wp\/v2\/pages\/1588\/revisions"}],"predecessor-version":[{"id":2054,"href":"https:\/\/cbr.cliniqueverano.com\/index.php?rest_route=\/wp\/v2\/pages\/1588\/revisions\/2054"}],"wp:attachment":[{"href":"https:\/\/cbr.cliniqueverano.com\/index.php?rest_route=%2Fwp%2Fv2%2Fmedia&parent=1588"}],"curies":[{"name":"wp","href":"https:\/\/api.w.org\/{rel}","templated":true}]}}